{"id":7,"date":"2026-05-04T21:35:26","date_gmt":"2026-05-04T19:35:26","guid":{"rendered":"https:\/\/saltocreativo.cl\/?page_id=7"},"modified":"2026-05-05T20:55:42","modified_gmt":"2026-05-05T18:55:42","slug":"home","status":"publish","type":"page","link":"https:\/\/saltocreativo.cl\/","title":{"rendered":"Home"},"content":{"rendered":"\n<div class=\"wp-block-cover alignfull\" style=\"min-height:720px;aspect-ratio:unset;\"><span aria-hidden=\"true\" class=\"wp-block-cover__background has-ast-global-color-2-background-color has-background-dim-100 has-background-dim\"><\/span><div class=\"wp-block-cover__inner-container is-layout-flow wp-block-cover-is-layout-flow\">\n<div class=\"inherit-container-width wp-block-group alignwide is-layout-constrained wp-block-group-is-layout-constrained\">\n<div class=\"wp-block-media-text alignwide has-media-on-the-right is-vertically-aligned-center\" style=\"grid-template-columns:auto 28%\"><div class=\"wp-block-media-text__content\">\n<h1 class=\"wp-block-heading has-text-align-left has-white-color has-text-color\">P\u00e1ginas Web<\/h1>\n\n\n\n<p class=\"has-white-color has-text-color\"><strong>Landing Pages<\/strong>, este servicio est\u00e1 pensado para quienes quieren comenzar de manera r\u00e1pida y efectiva, con una p\u00e1gina clara, atractiva y orientada a captar clientes.<\/p>\n\n\n\n<h2 class=\"wp-block-heading\">$99.990<\/h2>\n\n\n\n<div class=\"wp-block-buttons is-layout-flex wp-block-buttons-is-layout-flex\">\n<div class=\"wp-block-button\"><a class=\"wp-block-button__link wp-element-button\" href=\"https:\/\/wa.me\/56973605423\">Comprar<\/a><\/div>\n<\/div>\n<\/div><figure class=\"wp-block-media-text__media\"><img loading=\"lazy\" decoding=\"async\" width=\"512\" height=\"512\" src=\"https:\/\/saltocreativo.cl\/wp-content\/uploads\/2026\/05\/registro-de-dominio.png\" alt=\"\" class=\"wp-image-23 size-full\" srcset=\"https:\/\/saltocreativo.cl\/wp-content\/uploads\/2026\/05\/registro-de-dominio.png 512w, https:\/\/saltocreativo.cl\/wp-content\/uploads\/2026\/05\/registro-de-dominio-300x300.png 300w, https:\/\/saltocreativo.cl\/wp-content\/uploads\/2026\/05\/registro-de-dominio-150x150.png 150w\" sizes=\"auto, (max-width: 512px) 100vw, 512px\" \/><\/figure><\/div>\n<\/div>\n\n\n\n<p><\/p>\n\n\n\n<h1 class=\"wp-block-heading has-text-align-center\">Servicios<\/h1>\n\n\n\n<div class=\"wp-block-columns is-layout-flex wp-container-core-columns-is-layout-28f84493 wp-block-columns-is-layout-flex\">\n<div class=\"wp-block-column is-layout-flow wp-block-column-is-layout-flow\">\n<figure class=\"wp-block-image aligncenter size-full is-resized\"><img loading=\"lazy\" decoding=\"async\" width=\"512\" height=\"512\" src=\"https:\/\/saltocreativo.cl\/wp-content\/uploads\/2026\/05\/redes-sociales-1.png\" alt=\"\" class=\"wp-image-40\" style=\"width:200px\" srcset=\"https:\/\/saltocreativo.cl\/wp-content\/uploads\/2026\/05\/redes-sociales-1.png 512w, https:\/\/saltocreativo.cl\/wp-content\/uploads\/2026\/05\/redes-sociales-1-300x300.png 300w, https:\/\/saltocreativo.cl\/wp-content\/uploads\/2026\/05\/redes-sociales-1-150x150.png 150w\" sizes=\"auto, (max-width: 512px) 100vw, 512px\" \/><\/figure>\n\n\n\n<h2 class=\"wp-block-heading has-text-align-center\">Campa\u00f1a Digital<\/h2>\n\n\n\n<ul class=\"wp-block-list\">\n<li>Facebook &#8211; Instagram (gr\u00e1ficas\/videos)<\/li>\n\n\n\n<li>Tik Tok (gr\u00e1ficas\/videos\/publicaciones)<\/li>\n\n\n\n<li>You Tube (gr\u00e1ficas\/videos\/publicaciones)<\/li>\n\n\n\n<li>WhatSapp Business con IA (vende solo)<\/li>\n<\/ul>\n\n\n\n<h3 class=\"wp-block-heading\">$89.990 \/mes<\/h3>\n\n\n\n<div class=\"wp-block-buttons is-layout-flex wp-block-buttons-is-layout-flex\">\n<div class=\"wp-block-button\"><a class=\"wp-block-button__link wp-element-button\" href=\"https:\/\/wa.me\/56973605423\">Comprar<\/a><\/div>\n<\/div>\n<\/div>\n\n\n\n<div class=\"wp-block-column is-layout-flow wp-block-column-is-layout-flow\">\n<figure class=\"wp-block-image aligncenter size-full is-resized\"><img loading=\"lazy\" decoding=\"async\" width=\"512\" height=\"512\" src=\"https:\/\/saltocreativo.cl\/wp-content\/uploads\/2026\/05\/email.png\" alt=\"\" class=\"wp-image-43\" style=\"width:200px\" srcset=\"https:\/\/saltocreativo.cl\/wp-content\/uploads\/2026\/05\/email.png 512w, https:\/\/saltocreativo.cl\/wp-content\/uploads\/2026\/05\/email-300x300.png 300w, https:\/\/saltocreativo.cl\/wp-content\/uploads\/2026\/05\/email-150x150.png 150w\" sizes=\"auto, (max-width: 512px) 100vw, 512px\" \/><\/figure>\n\n\n\n<h2 class=\"wp-block-heading has-text-align-center\">E-Mail Marketing<\/h2>\n\n\n\n<ul class=\"wp-block-list\">\n<li>Prospecci\u00f3n<\/li>\n\n\n\n<li>Obtenci\u00f3n de reuniones<\/li>\n\n\n\n<li>Cotizaciones<\/li>\n\n\n\n<li>Cierre de Ventas<\/li>\n<\/ul>\n\n\n\n<h3 class=\"wp-block-heading\">$29.990 \/mes<\/h3>\n\n\n\n<div class=\"wp-block-buttons is-layout-flex wp-block-buttons-is-layout-flex\">\n<div class=\"wp-block-button\"><a class=\"wp-block-button__link wp-element-button\" href=\"https:\/\/wa.me\/56973605423\">Comprar<\/a><\/div>\n<\/div>\n<\/div>\n\n\n\n<div class=\"wp-block-column is-layout-flow wp-block-column-is-layout-flow\">\n<figure class=\"wp-block-image aligncenter size-full is-resized\"><img loading=\"lazy\" decoding=\"async\" width=\"512\" height=\"512\" src=\"https:\/\/saltocreativo.cl\/wp-content\/uploads\/2026\/05\/servidor-de-cliente.png\" alt=\"\" class=\"wp-image-45\" style=\"width:200px\" srcset=\"https:\/\/saltocreativo.cl\/wp-content\/uploads\/2026\/05\/servidor-de-cliente.png 512w, https:\/\/saltocreativo.cl\/wp-content\/uploads\/2026\/05\/servidor-de-cliente-300x300.png 300w, https:\/\/saltocreativo.cl\/wp-content\/uploads\/2026\/05\/servidor-de-cliente-150x150.png 150w\" sizes=\"auto, (max-width: 512px) 100vw, 512px\" \/><\/figure>\n\n\n\n<h2 class=\"wp-block-heading has-text-align-center\">Base de Datos<\/h2>\n\n\n\n<ul class=\"wp-block-list\">\n<li>Empresas<\/li>\n\n\n\n<li>Gerentes<\/li>\n\n\n\n<li>Due\u00f1os<\/li>\n\n\n\n<li>B2B<\/li>\n<\/ul>\n\n\n\n<h3 class=\"wp-block-heading\">$9.990<\/h3>\n\n\n\n<div class=\"wp-block-buttons is-layout-flex wp-block-buttons-is-layout-flex\">\n<div class=\"wp-block-button\"><a class=\"wp-block-button__link wp-element-button\" href=\"https:\/\/wa.me\/56973605423\">Comprar<\/a><\/div>\n<\/div>\n<\/div>\n<\/div>\n\n\n\n<div class=\"wp-block-columns is-layout-flex wp-container-core-columns-is-layout-28f84493 wp-block-columns-is-layout-flex\">\n<div class=\"wp-block-column is-layout-flow wp-block-column-is-layout-flow\">\n<p><\/p>\n\n\n\n<figure class=\"wp-block-image aligncenter size-full is-resized\"><img loading=\"lazy\" decoding=\"async\" width=\"512\" height=\"512\" src=\"https:\/\/saltocreativo.cl\/wp-content\/uploads\/2026\/05\/recaudacion-de-fondos.png\" alt=\"\" class=\"wp-image-57\" style=\"width:200px\" srcset=\"https:\/\/saltocreativo.cl\/wp-content\/uploads\/2026\/05\/recaudacion-de-fondos.png 512w, https:\/\/saltocreativo.cl\/wp-content\/uploads\/2026\/05\/recaudacion-de-fondos-300x300.png 300w, https:\/\/saltocreativo.cl\/wp-content\/uploads\/2026\/05\/recaudacion-de-fondos-150x150.png 150w\" sizes=\"auto, (max-width: 512px) 100vw, 512px\" \/><\/figure>\n\n\n\n<h2 class=\"wp-block-heading has-text-align-center\">Emprende desde cero<\/h2>\n\n\n\n<ul class=\"wp-block-list\">\n<li>Determina tu producto\/servicio<\/li>\n\n\n\n<li>Participaci\u00f3n en el mercado<\/li>\n\n\n\n<li>Primeras Ventas (Redes Sociales)<\/li>\n\n\n\n<li>Poder de Negociaci\u00f3n con Proveedores<\/li>\n<\/ul>\n\n\n\n<h3 class=\"wp-block-heading\">$99.990 \/ m\u00e9todo<\/h3>\n\n\n\n<div class=\"wp-block-buttons is-layout-flex wp-block-buttons-is-layout-flex\">\n<div class=\"wp-block-button\"><a class=\"wp-block-button__link wp-element-button\" href=\"https:\/\/wa.me\/56973605423\">Comprar<\/a><\/div>\n<\/div>\n<\/div>\n\n\n\n<div class=\"wp-block-column is-layout-flow wp-block-column-is-layout-flow\">\n<p><\/p>\n\n\n\n<figure class=\"wp-block-image aligncenter size-full is-resized\"><img loading=\"lazy\" decoding=\"async\" width=\"512\" height=\"512\" src=\"https:\/\/saltocreativo.cl\/wp-content\/uploads\/2026\/05\/cartel-de-la-calle.png\" alt=\"\" class=\"wp-image-59\" style=\"width:200px\" srcset=\"https:\/\/saltocreativo.cl\/wp-content\/uploads\/2026\/05\/cartel-de-la-calle.png 512w, https:\/\/saltocreativo.cl\/wp-content\/uploads\/2026\/05\/cartel-de-la-calle-300x300.png 300w, https:\/\/saltocreativo.cl\/wp-content\/uploads\/2026\/05\/cartel-de-la-calle-150x150.png 150w\" sizes=\"auto, (max-width: 512px) 100vw, 512px\" \/><\/figure>\n\n\n\n<h2 class=\"wp-block-heading has-text-align-center\">Publicidad en Pantallas<\/h2>\n\n\n\n<ul class=\"wp-block-list\">\n<li>Muestra tu contenido comercial<\/li>\n\n\n\n<li>Cierra Ventas<\/li>\n\n\n\n<li>Posiciona tu marca<\/li>\n\n\n\n<li>Comunica tu negocio<\/li>\n<\/ul>\n\n\n\n<h3 class=\"wp-block-heading\">0.5 UF \/ mes<\/h3>\n\n\n\n<div class=\"wp-block-buttons is-layout-flex wp-block-buttons-is-layout-flex\">\n<div class=\"wp-block-button\"><a class=\"wp-block-button__link wp-element-button\" href=\"https:\/\/wa.me\/56973605423\">Comprar<\/a><\/div>\n<\/div>\n<\/div>\n\n\n\n<div class=\"wp-block-column is-layout-flow wp-block-column-is-layout-flow\">\n<p><\/p>\n\n\n\n<figure class=\"wp-block-image aligncenter size-full is-resized\"><img loading=\"lazy\" decoding=\"async\" width=\"512\" height=\"512\" src=\"https:\/\/saltocreativo.cl\/wp-content\/uploads\/2026\/05\/digital.png\" alt=\"\" class=\"wp-image-60\" style=\"width:200px\" srcset=\"https:\/\/saltocreativo.cl\/wp-content\/uploads\/2026\/05\/digital.png 512w, https:\/\/saltocreativo.cl\/wp-content\/uploads\/2026\/05\/digital-300x300.png 300w, https:\/\/saltocreativo.cl\/wp-content\/uploads\/2026\/05\/digital-150x150.png 150w\" sizes=\"auto, (max-width: 512px) 100vw, 512px\" \/><\/figure>\n\n\n\n<h2 class=\"wp-block-heading has-text-align-center\">Men\u00fa Digital Pro App<\/h2>\n\n\n\n<ul class=\"wp-block-list\">\n<li>Integra Pagina Web<\/li>\n\n\n\n<li>Punto de venta con inventario actualizado<\/li>\n\n\n\n<li>KPI\u00b4s para la toma de decisi\u00f3n<\/li>\n\n\n\n<li>Crea Base de Datos de tus clientes (campa\u00f1as)<\/li>\n<\/ul>\n\n\n\n<h3 class=\"wp-block-heading\">1 UF \/mes<\/h3>\n\n\n\n<div class=\"wp-block-buttons is-layout-flex wp-block-buttons-is-layout-flex\">\n<div class=\"wp-block-button\"><a class=\"wp-block-button__link wp-element-button\" href=\"https:\/\/wa.me\/56973605423\">Comprar<\/a><\/div>\n<\/div>\n<\/div>\n<\/div>\n<\/div><\/div>\n\n\n\n<div class=\"wp-block-group alignfull has-ast-global-color-2-background-color has-background is-layout-constrained wp-block-group-is-layout-constrained\" id=\"reviews\">\n<h1 class=\"wp-block-heading has-ast-global-color-4-color has-text-color has-link-color wp-elements-44e9a370a90a87a5ddea49ae482b2bb4\">Clientes<\/h1>\n\n\n\n<div class=\"wp-block-columns is-layout-flex wp-container-core-columns-is-layout-28f84493 wp-block-columns-is-layout-flex\">\n<div class=\"wp-block-column is-layout-flow wp-block-column-is-layout-flow\">\n<h5 class=\"wp-block-heading has-text-align-center has-ast-global-color-4-color has-text-color has-link-color wp-elements-06ba0ecff500db6f4232b8f9e4794919\">Energex Chile<\/h5>\n\n\n\n<figure class=\"wp-block-image size-large\"><img loading=\"lazy\" decoding=\"async\" width=\"1024\" height=\"341\" src=\"https:\/\/saltocreativo.cl\/wp-content\/uploads\/2026\/05\/ChatGPT-Image-5-may-2026-13_21_04-1024x341.png\" alt=\"\" class=\"wp-image-212\" srcset=\"https:\/\/saltocreativo.cl\/wp-content\/uploads\/2026\/05\/ChatGPT-Image-5-may-2026-13_21_04-1024x341.png 1024w, https:\/\/saltocreativo.cl\/wp-content\/uploads\/2026\/05\/ChatGPT-Image-5-may-2026-13_21_04-300x100.png 300w, https:\/\/saltocreativo.cl\/wp-content\/uploads\/2026\/05\/ChatGPT-Image-5-may-2026-13_21_04-768x256.png 768w, https:\/\/saltocreativo.cl\/wp-content\/uploads\/2026\/05\/ChatGPT-Image-5-may-2026-13_21_04-1536x512.png 1536w, https:\/\/saltocreativo.cl\/wp-content\/uploads\/2026\/05\/ChatGPT-Image-5-may-2026-13_21_04-2048x683.png 2048w\" sizes=\"auto, (max-width: 1024px) 100vw, 1024px\" \/><\/figure>\n<\/div>\n\n\n\n<div class=\"wp-block-column is-layout-flow wp-block-column-is-layout-flow\">\n<h5 class=\"wp-block-heading has-text-align-center has-ast-global-color-4-color has-text-color has-link-color wp-elements-2e2d8c9ec65c27c12d9895d41d9ebe8c\">Punto Zero<\/h5>\n\n\n\n<figure class=\"wp-block-image size-full\"><img loading=\"lazy\" decoding=\"async\" width=\"866\" height=\"288\" src=\"https:\/\/saltocreativo.cl\/wp-content\/uploads\/2026\/05\/ChatGPT_Image_5_may_2026__13_14_41-removebg-preview.png\" alt=\"\" class=\"wp-image-210\" srcset=\"https:\/\/saltocreativo.cl\/wp-content\/uploads\/2026\/05\/ChatGPT_Image_5_may_2026__13_14_41-removebg-preview.png 866w, https:\/\/saltocreativo.cl\/wp-content\/uploads\/2026\/05\/ChatGPT_Image_5_may_2026__13_14_41-removebg-preview-300x100.png 300w, https:\/\/saltocreativo.cl\/wp-content\/uploads\/2026\/05\/ChatGPT_Image_5_may_2026__13_14_41-removebg-preview-768x255.png 768w\" sizes=\"auto, (max-width: 866px) 100vw, 866px\" \/><\/figure>\n<\/div>\n\n\n\n<div class=\"wp-block-column is-layout-flow wp-block-column-is-layout-flow\">\n<h5 class=\"wp-block-heading has-text-align-center has-ast-global-color-4-color has-text-color has-link-color wp-elements-b40d6ed35d6b0472916dc92fe33d0a45\">DBOXtv Chile<\/h5>\n\n\n\n<figure class=\"wp-block-image aligncenter size-full is-resized\"><img loading=\"lazy\" decoding=\"async\" width=\"371\" height=\"271\" src=\"https:\/\/saltocreativo.cl\/wp-content\/uploads\/2026\/05\/dboxtv-jdFXVr2H1nlkHZhSO18VOg-removebg-preview.png\" alt=\"\" class=\"wp-image-204\" style=\"width:120px\" srcset=\"https:\/\/saltocreativo.cl\/wp-content\/uploads\/2026\/05\/dboxtv-jdFXVr2H1nlkHZhSO18VOg-removebg-preview.png 371w, https:\/\/saltocreativo.cl\/wp-content\/uploads\/2026\/05\/dboxtv-jdFXVr2H1nlkHZhSO18VOg-removebg-preview-300x219.png 300w\" sizes=\"auto, (max-width: 371px) 100vw, 371px\" \/><\/figure>\n<\/div>\n\n\n\n<div class=\"wp-block-column is-layout-flow wp-block-column-is-layout-flow\">\n<h5 class=\"wp-block-heading has-text-align-center has-ast-global-color-4-color has-text-color has-link-color wp-elements-c03f0ac7459268d544aef4935a686252\">Orion Byte Chile<\/h5>\n\n\n\n<figure class=\"wp-block-image aligncenter size-full\"><img loading=\"lazy\" decoding=\"async\" width=\"100\" height=\"97\" src=\"https:\/\/saltocreativo.cl\/wp-content\/uploads\/2026\/05\/cropped-Orion-Byte-Abstract-Technology-Logo-1-Photoroom-100x97-1.png\" alt=\"\" class=\"wp-image-202\"\/><\/figure>\n<\/div>\n\n\n\n<div class=\"wp-block-column is-layout-flow wp-block-column-is-layout-flow\">\n<h5 class=\"wp-block-heading has-text-align-center has-ast-global-color-4-color has-text-color has-link-color wp-elements-acea85805b5a5acb7ce63e89cc3f1d16\">Mooa Sushi<\/h5>\n\n\n\n<figure class=\"wp-block-image aligncenter size-large is-resized\"><img loading=\"lazy\" decoding=\"async\" width=\"1024\" height=\"1024\" src=\"https:\/\/saltocreativo.cl\/wp-content\/uploads\/2026\/05\/ChatGPT-Image-5-may-2026-13_25_04-1024x1024.png\" alt=\"\" class=\"wp-image-215\" style=\"width:100px\" srcset=\"https:\/\/saltocreativo.cl\/wp-content\/uploads\/2026\/05\/ChatGPT-Image-5-may-2026-13_25_04-1024x1024.png 1024w, https:\/\/saltocreativo.cl\/wp-content\/uploads\/2026\/05\/ChatGPT-Image-5-may-2026-13_25_04-300x300.png 300w, https:\/\/saltocreativo.cl\/wp-content\/uploads\/2026\/05\/ChatGPT-Image-5-may-2026-13_25_04-150x150.png 150w, https:\/\/saltocreativo.cl\/wp-content\/uploads\/2026\/05\/ChatGPT-Image-5-may-2026-13_25_04-768x768.png 768w, https:\/\/saltocreativo.cl\/wp-content\/uploads\/2026\/05\/ChatGPT-Image-5-may-2026-13_25_04.png 1254w\" sizes=\"auto, (max-width: 1024px) 100vw, 1024px\" \/><\/figure>\n<\/div>\n\n\n\n<div class=\"wp-block-column is-layout-flow wp-block-column-is-layout-flow\">\n<h5 class=\"wp-block-heading has-text-align-center has-ast-global-color-4-color has-text-color has-link-color wp-elements-a8fa728cbcf8d31fa4bcadbc1eb3694a\">Ciber Defensa Chile<\/h5>\n\n\n\n<figure class=\"wp-block-image aligncenter size-full\"><img loading=\"lazy\" decoding=\"async\" width=\"70\" height=\"88\" src=\"https:\/\/saltocreativo.cl\/wp-content\/uploads\/2026\/05\/cropped-logocb2-1-70x88-1.png\" alt=\"\" class=\"wp-image-201\"\/><\/figure>\n<\/div>\n<\/div>\n<\/div>\n\n\n\n<div class=\"wp-block-group alignfull has-ast-global-color-2-background-color has-background is-layout-constrained wp-block-group-is-layout-constrained\" id=\"contact\" style=\"padding-top:104px;padding-bottom:104px\">\n<h1 class=\"wp-block-heading has-ast-global-color-4-color has-text-color has-link-color wp-elements-80c8074b03261f81fb4d4112c4ca42ee\">Nosotros<\/h1>\n\n\n\n<div class=\"wp-block-columns is-layout-flex wp-container-core-columns-is-layout-28f84493 wp-block-columns-is-layout-flex\">\n<div class=\"wp-block-column is-layout-flow wp-block-column-is-layout-flow\">\n<h3 class=\"wp-block-heading has-ast-global-color-4-color has-text-color has-link-color wp-elements-538791547b5dd85f1231606ff4628281\">Nuestras Oficinas<\/h3>\n\n\n\n<p class=\"has-ast-global-color-4-color has-text-color has-link-color wp-elements-360de47f5cd84dca32c66b44e566e18d\">Oficina Online &#8211; Santiago de Chile<\/p>\n\n\n\n<figure class=\"wp-block-image aligncenter size-large is-resized has-custom-border\"><img loading=\"lazy\" decoding=\"async\" width=\"1024\" height=\"516\" src=\"https:\/\/saltocreativo.cl\/wp-content\/uploads\/2026\/05\/image-1024x516.png\" alt=\"\" class=\"wp-image-179\" style=\"border-width:2px;object-fit:cover;width:300px;height:110px\" srcset=\"https:\/\/saltocreativo.cl\/wp-content\/uploads\/2026\/05\/image-1024x516.png 1024w, https:\/\/saltocreativo.cl\/wp-content\/uploads\/2026\/05\/image-300x151.png 300w, https:\/\/saltocreativo.cl\/wp-content\/uploads\/2026\/05\/image-768x387.png 768w, https:\/\/saltocreativo.cl\/wp-content\/uploads\/2026\/05\/image.png 1319w\" sizes=\"auto, (max-width: 1024px) 100vw, 1024px\" \/><\/figure>\n<\/div>\n\n\n\n<div class=\"wp-block-column is-layout-flow wp-block-column-is-layout-flow\">\n<h3 class=\"wp-block-heading has-ast-global-color-4-color has-text-color has-link-color wp-elements-c1a6f118353d8bd4a4c6fba823d7d666\">Nuestras Redes<\/h3>\n\n\n\n<div class=\"wp-block-columns is-layout-flex wp-container-core-columns-is-layout-28f84493 wp-block-columns-is-layout-flex\">\n<div class=\"wp-block-column is-layout-flow wp-block-column-is-layout-flow\">\n<figure class=\"wp-block-image aligncenter size-full is-resized\"><img loading=\"lazy\" decoding=\"async\" width=\"512\" height=\"512\" src=\"https:\/\/saltocreativo.cl\/wp-content\/uploads\/2026\/05\/facebook.png\" alt=\"\" class=\"wp-image-116\" style=\"width:50px\" srcset=\"https:\/\/saltocreativo.cl\/wp-content\/uploads\/2026\/05\/facebook.png 512w, https:\/\/saltocreativo.cl\/wp-content\/uploads\/2026\/05\/facebook-300x300.png 300w, https:\/\/saltocreativo.cl\/wp-content\/uploads\/2026\/05\/facebook-150x150.png 150w\" sizes=\"auto, (max-width: 512px) 100vw, 512px\" \/><\/figure>\n<\/div>\n\n\n\n<div class=\"wp-block-column is-layout-flow wp-block-column-is-layout-flow\">\n<figure class=\"wp-block-image aligncenter size-full is-resized\"><img loading=\"lazy\" decoding=\"async\" width=\"512\" height=\"512\" src=\"https:\/\/saltocreativo.cl\/wp-content\/uploads\/2026\/05\/instagram.png\" alt=\"\" class=\"wp-image-117\" style=\"width:50px\" srcset=\"https:\/\/saltocreativo.cl\/wp-content\/uploads\/2026\/05\/instagram.png 512w, https:\/\/saltocreativo.cl\/wp-content\/uploads\/2026\/05\/instagram-300x300.png 300w, https:\/\/saltocreativo.cl\/wp-content\/uploads\/2026\/05\/instagram-150x150.png 150w\" sizes=\"auto, (max-width: 512px) 100vw, 512px\" \/><\/figure>\n<\/div>\n\n\n\n<div class=\"wp-block-column is-layout-flow wp-block-column-is-layout-flow\">\n<figure class=\"wp-block-image aligncenter size-full is-resized\"><img loading=\"lazy\" decoding=\"async\" width=\"512\" height=\"512\" src=\"https:\/\/saltocreativo.cl\/wp-content\/uploads\/2026\/05\/tik-tok.png\" alt=\"\" class=\"wp-image-121\" style=\"width:50px\" srcset=\"https:\/\/saltocreativo.cl\/wp-content\/uploads\/2026\/05\/tik-tok.png 512w, https:\/\/saltocreativo.cl\/wp-content\/uploads\/2026\/05\/tik-tok-300x300.png 300w, https:\/\/saltocreativo.cl\/wp-content\/uploads\/2026\/05\/tik-tok-150x150.png 150w\" sizes=\"auto, (max-width: 512px) 100vw, 512px\" \/><\/figure>\n<\/div>\n<\/div>\n\n\n\n<div class=\"wp-block-columns is-layout-flex wp-container-core-columns-is-layout-28f84493 wp-block-columns-is-layout-flex\">\n<div class=\"wp-block-column is-layout-flow wp-block-column-is-layout-flow\">\n<figure class=\"wp-block-image aligncenter size-full is-resized\"><img loading=\"lazy\" decoding=\"async\" width=\"512\" height=\"512\" src=\"https:\/\/saltocreativo.cl\/wp-content\/uploads\/2026\/05\/youtube.png\" alt=\"\" class=\"wp-image-122\" style=\"width:50px\" srcset=\"https:\/\/saltocreativo.cl\/wp-content\/uploads\/2026\/05\/youtube.png 512w, https:\/\/saltocreativo.cl\/wp-content\/uploads\/2026\/05\/youtube-300x300.png 300w, https:\/\/saltocreativo.cl\/wp-content\/uploads\/2026\/05\/youtube-150x150.png 150w\" sizes=\"auto, (max-width: 512px) 100vw, 512px\" \/><\/figure>\n<\/div>\n\n\n\n<div class=\"wp-block-column is-layout-flow wp-block-column-is-layout-flow\">\n<figure class=\"wp-block-image aligncenter size-full is-resized\"><a href=\"https:\/\/wa.me\/56973605423\"><img loading=\"lazy\" decoding=\"async\" width=\"512\" height=\"512\" src=\"https:\/\/saltocreativo.cl\/wp-content\/uploads\/2026\/05\/whatsapp.png\" alt=\"\" class=\"wp-image-123\" style=\"width:50px\" srcset=\"https:\/\/saltocreativo.cl\/wp-content\/uploads\/2026\/05\/whatsapp.png 512w, https:\/\/saltocreativo.cl\/wp-content\/uploads\/2026\/05\/whatsapp-300x300.png 300w, https:\/\/saltocreativo.cl\/wp-content\/uploads\/2026\/05\/whatsapp-150x150.png 150w\" sizes=\"auto, (max-width: 512px) 100vw, 512px\" \/><\/a><\/figure>\n<\/div>\n\n\n\n<div class=\"wp-block-column is-layout-flow wp-block-column-is-layout-flow\"><\/div>\n<\/div>\n\n\n\n<p class=\"has-text-align-center has-ast-global-color-4-color has-text-color has-link-color wp-elements-42091f08035d5a2f8f3a9f3d720c2620\">soporte@saltocreativo.cl<\/p>\n<\/div>\n\n\n\n<div class=\"wp-block-column is-layout-flow wp-block-column-is-layout-flow\">\n<h3 class=\"wp-block-heading has-ast-global-color-4-color has-text-color has-link-color wp-elements-a5959fd33d276063c7df333234c67d0c\">Informaci\u00f3n Legal<\/h3>\n\n\n\n<p class=\"has-ast-global-color-4-color has-text-color has-link-color wp-elements-d7ba2ed666a988969f137aaeabb131d9\">Pol\u00edticas de privacidad<\/p>\n\n\n\n<p class=\"has-ast-global-color-4-color has-text-color has-link-color wp-elements-34b08a6c1018409674026d0c99ae6d27\">T\u00e9rminos y condiciones<\/p>\n\n\n\n<p class=\"has-ast-global-color-4-color has-text-color has-link-color wp-elements-7691d4385ad896d27a879e15a28823f8\">Descargo de responsabilidad<\/p>\n<\/div>\n<\/div>\n<\/div>\n","protected":false},"excerpt":{"rendered":"<p>Clientes Energex Chile Punto Zero DBOXtv Chile Orion Byte Chile Mooa Sushi Ciber Defensa Chile Nosotros Nuestras Oficinas Oficina Online [&hellip;]<\/p>\n","protected":false},"author":1,"featured_media":0,"parent":0,"menu_order":0,"comment_status":"closed","ping_status":"closed","template":"","meta":{"site-sidebar-layout":"no-sidebar","site-content-layout":"plain-container","ast-site-content-layout":"default","site-content-style":"default","site-sidebar-style":"default","ast-global-header-display":"","ast-banner-title-visibility":"","ast-main-header-display":"","ast-hfb-above-header-display":"","ast-hfb-below-header-display":"","ast-hfb-mobile-header-display":"","site-post-title":"disabled","ast-breadcrumbs-content":"","ast-featured-img":"","footer-sml-layout":"","ast-disable-related-posts":"","theme-transparent-header-meta":"enabled","adv-header-id-meta":"","stick-header-meta":"","header-above-stick-meta":"","header-main-stick-meta":"","header-below-stick-meta":"","astra-migrate-meta-layouts":"default","ast-page-background-enabled":"default","ast-page-background-meta":{"desktop":{"background-color":"var(--ast-global-color-5)","background-image":"","background-repeat":"repeat","background-position":"center center","background-size":"auto","background-attachment":"scroll","background-type":"","background-media":"","overlay-type":"","overlay-color":"","overlay-opacity":"","overlay-gradient":""},"tablet":{"background-color":"","background-image":"","background-repeat":"repeat","background-position":"center center","background-size":"auto","background-attachment":"scroll","background-type":"","background-media":"","overlay-type":"","overlay-color":"","overlay-opacity":"","overlay-gradient":""},"mobile":{"background-color":"","background-image":"","background-repeat":"repeat","background-position":"center center","background-size":"auto","background-attachment":"scroll","background-type":"","background-media":"","overlay-type":"","overlay-color":"","overlay-opacity":"","overlay-gradient":""}},"ast-content-background-meta":{"desktop":{"background-color":"var(--ast-global-color-4)","background-image":"","background-repeat":"repeat","background-position":"center center","background-size":"auto","background-attachment":"scroll","background-type":"","background-media":"","overlay-type":"","overlay-color":"","overlay-opacity":"","overlay-gradient":""},"tablet":{"background-color":"var(--ast-global-color-4)","background-image":"","background-repeat":"repeat","background-position":"center center","background-size":"auto","background-attachment":"scroll","background-type":"","background-media":"","overlay-type":"","overlay-color":"","overlay-opacity":"","overlay-gradient":""},"mobile":{"background-color":"var(--ast-global-color-4)","background-image":"","background-repeat":"repeat","background-position":"center center","background-size":"auto","background-attachment":"scroll","background-type":"","background-media":"","overlay-type":"","overlay-color":"","overlay-opacity":"","overlay-gradient":""}},"_joinchat":[],"footnotes":""},"class_list":["post-7","page","type-page","status-publish","hentry"],"_links":{"self":[{"href":"https:\/\/saltocreativo.cl\/index.php\/wp-json\/wp\/v2\/pages\/7","targetHints":{"allow":["GET"]}}],"collection":[{"href":"https:\/\/saltocreativo.cl\/index.php\/wp-json\/wp\/v2\/pages"}],"about":[{"href":"https:\/\/saltocreativo.cl\/index.php\/wp-json\/wp\/v2\/types\/page"}],"author":[{"embeddable":true,"href":"https:\/\/saltocreativo.cl\/index.php\/wp-json\/wp\/v2\/users\/1"}],"replies":[{"embeddable":true,"href":"https:\/\/saltocreativo.cl\/index.php\/wp-json\/wp\/v2\/comments?post=7"}],"version-history":[{"count":163,"href":"https:\/\/saltocreativo.cl\/index.php\/wp-json\/wp\/v2\/pages\/7\/revisions"}],"predecessor-version":[{"id":222,"href":"https:\/\/saltocreativo.cl\/index.php\/wp-json\/wp\/v2\/pages\/7\/revisions\/222"}],"wp:attachment":[{"href":"https:\/\/saltocreativo.cl\/index.php\/wp-json\/wp\/v2\/media?parent=7"}],"curies":[{"name":"wp","href":"https:\/\/api.w.org\/{rel}","templated":true}]}}